{"id":2765,"date":"2025-04-23T18:09:01","date_gmt":"2025-04-23T16:09:01","guid":{"rendered":"https:\/\/garcialegaz.com\/?page_id=2765"},"modified":"2026-02-12T23:02:29","modified_gmt":"2026-02-12T22:02:29","slug":"legal-notice","status":"publish","type":"page","link":"https:\/\/garcialegaz.com\/en\/legal-notice\/","title":{"rendered":"Legal Notice"},"content":{"rendered":"<div data-elementor-type=\"wp-page\" data-elementor-id=\"2765\" class=\"elementor elementor-2765\" data-elementor-post-type=\"page\">\n\t\t\t\t\t\t<section class=\"elementor-section elementor-top-section elementor-element elementor-element-6bc14d1 elementor-section-boxed elementor-section-height-default elementor-section-height-default\" data-id=\"6bc14d1\" data-element_type=\"section\" data-e-type=\"section\">\n\t\t\t\t\t\t<div class=\"elementor-container elementor-column-gap-default\">\n\t\t\t\t\t<div class=\"elementor-column elementor-col-100 elementor-top-column elementor-element elementor-element-530d0c5\" data-id=\"530d0c5\" data-element_type=\"column\" data-e-type=\"column\">\n\t\t\t<div class=\"elementor-widget-wrap elementor-element-populated\">\n\t\t\t\t\t\t<div class=\"elementor-element elementor-element-04bbbe3 elementor-widget elementor-widget-text-editor\" data-id=\"04bbbe3\" data-element_type=\"widget\" data-e-type=\"widget\" data-widget_type=\"text-editor.default\">\n\t\t\t\t<div class=\"elementor-widget-container\">\n\t\t\t\t\t\t\t\t\t<p><strong>1. Identification of the Holder<\/strong><\/p><p>In compliance with the obligation to provide information contained in Article 10 of Law 34\/2002, of July 11, on Information Society Services and Electronic Commerce, the following information is provided:<\/p><ul><li><strong>Company Name:<\/strong> Garcia-Legaz SL Dermatological Institute<\/li><li><strong>Registered Office:<\/strong> Calle Acisclo D\u00edaz, 2 Esc. A 2\u00ba A, Murcia \u2013 30005, Spain<\/li><li><strong>CIF:<\/strong> B56585094<\/li><li><strong>Email:<\/strong> <a target=\"_new\">info@garcialegaz.com<\/a><\/li><li><strong>Web:<\/strong> <a href=\"https:\/\/garcialegaz.com\/en\/\" target=\"_new\">https:\/\/garcialegaz.com<\/a><\/li><\/ul><p><strong>2. Intellectual and industrial property<\/strong><\/p><p>The website, including but not limited to its programming, editing, compilation, and other elements necessary for its operation, designs, logos, text, and\/or graphics, are the property of Instituto Dermatol\u00f3gico Garcia-Legaz SL or, where applicable, are licensed or expressly authorized by the authors. All content on the website is duly protected by intellectual and industrial property regulations.<\/p><p><strong>3. Disclaimer<\/strong><\/p><p>Instituto Dermatol\u00f3gico Garcia-Legaz SL disclaims any liability arising from the information published on its website, provided that this information has been manipulated or introduced by a third party.<\/p><p><strong>4. Applicable Law and Jurisdiction<\/strong><\/p><p>For any legal matter concerning the Instituto Dermatol\u00f3gico Garcia-Legaz SL website, Spanish law shall apply, and the Courts and Tribunals of Murcia (Spain) shall have jurisdiction.<\/p><p><strong>5. Modifications<\/strong><\/p><p>Instituto Dermatol\u00f3gico Garcia-Legaz SL reserves the right to make any changes it deems appropriate to its website without prior notice. It may also change, delete, or add content and services provided through the website, as well as the way in which they are presented or located on the website.<\/p><p><strong>6. Data protection<\/strong><\/p><p>For more information on how we process your personal data, please refer to our Privacy Policy, available at <a href=\"https:\/\/garcialegaz.com\/en\/politica-de-privacidad\/\" target=\"_new\">Privacy Policy<\/a>.<\/p>\t\t\t\t\t\t\t\t<\/div>\n\t\t\t\t<\/div>\n\t\t\t\t\t<\/div>\n\t\t<\/div>\n\t\t\t\t\t<\/div>\n\t\t<\/section>\n\t\t\t\t<\/div>","protected":false},"excerpt":{"rendered":"<p>1. Identificaci\u00f3n del Titular En cumplimiento con el deber de informaci\u00f3n recogido en art\u00edculo 10 de la Ley 34\/2002, de 11 de julio, de Servicios de la Sociedad de la Informaci\u00f3n y de Comercio Electr\u00f3nico, se facilitan los siguientes datos: Raz\u00f3n Social: Instituto Dermatol\u00f3gico Garcia-Legaz SL Domicilio Social: Calle Acisclo D\u00edaz, 2 Esc. A 2\u00ba [&hellip;]<\/p>\n","protected":false},"author":2,"featured_media":0,"parent":0,"menu_order":0,"comment_status":"closed","ping_status":"closed","template":"","meta":{"footnotes":""},"class_list":["post-2765","page","type-page","status-publish","hentry"],"lang":"en","translations":{"en":2765,"es":1534},"_links":{"self":[{"href":"https:\/\/garcialegaz.com\/en\/wp-json\/wp\/v2\/pages\/2765","targetHints":{"allow":["GET"]}}],"collection":[{"href":"https:\/\/garcialegaz.com\/en\/wp-json\/wp\/v2\/pages"}],"about":[{"href":"https:\/\/garcialegaz.com\/en\/wp-json\/wp\/v2\/types\/page"}],"author":[{"embeddable":true,"href":"https:\/\/garcialegaz.com\/en\/wp-json\/wp\/v2\/users\/2"}],"replies":[{"embeddable":true,"href":"https:\/\/garcialegaz.com\/en\/wp-json\/wp\/v2\/comments?post=2765"}],"version-history":[{"count":2,"href":"https:\/\/garcialegaz.com\/en\/wp-json\/wp\/v2\/pages\/2765\/revisions"}],"predecessor-version":[{"id":11329,"href":"https:\/\/garcialegaz.com\/en\/wp-json\/wp\/v2\/pages\/2765\/revisions\/11329"}],"wp:attachment":[{"href":"https:\/\/garcialegaz.com\/en\/wp-json\/wp\/v2\/media?parent=2765"}],"curies":[{"name":"wp","href":"https:\/\/api.w.org\/{rel}","templated":true}]}}