{"id":4046,"date":"2025-11-05T11:18:06","date_gmt":"2025-11-05T10:18:06","guid":{"rendered":"https:\/\/garcialegaz.com\/?page_id=3963"},"modified":"2026-02-12T23:08:27","modified_gmt":"2026-02-12T22:08:27","slug":"training","status":"publish","type":"page","link":"https:\/\/garcialegaz.com\/en\/training\/","title":{"rendered":"Training"},"content":{"rendered":"\t\t<div data-elementor-type=\"wp-page\" data-elementor-id=\"4046\" class=\"elementor elementor-4046\" data-elementor-post-type=\"page\">\n\t\t\t\t<div class=\"elementor-element elementor-element-c1c27f3 e-flex e-con-boxed e-con e-parent\" data-id=\"c1c27f3\" data-element_type=\"container\" data-e-type=\"container\" data-settings=\"{&quot;background_background&quot;:&quot;gradient&quot;}\">\n\t\t\t\t\t<div class=\"e-con-inner\">\n\t\t\t\t<div class=\"elementor-element elementor-element-4148641d elementor-widget-tablet__width-initial elementor-widget__width-initial elementor-widget elementor-widget-elementskit-heading\" data-id=\"4148641d\" data-element_type=\"widget\" data-e-type=\"widget\" data-widget_type=\"elementskit-heading.default\">\n\t\t\t\t<div class=\"elementor-widget-container\">\n\t\t\t\t\t<div class=\"ekit-wid-con\" ><div class=\"ekit-heading elementskit-section-title-wraper text_left   ekit_heading_tablet-   ekit_heading_mobile-\"><span class=\"elementskit-section-subtitle  elementskit-style-border\">\n\t\t\t\t\t\tFormate en nuestra cl\u00ednica\n\t\t\t\t\t<\/span><div id=\"rtoc-mokuji-wrapper\" class=\"rtoc-mokuji-content frame4 preset1 animation-none rtoc_open default\" data-id=\"4046\" data-theme=\"Hello Elementor Child\">\n\t\t\t<div id=\"rtoc-mokuji-title\" class=\"rtoc_btn_none rtoc_left\">\n\t\t\t\n\t\t\t<span>TABLA DE CONTENIDO<\/span>\n\t\t\t<\/div><ol class=\"rtoc-mokuji decimal_ol level-1\"><li class=\"rtoc-item\"><a href=\"#rtoc-1\">Formaci\u00f3n<\/a><\/li><li class=\"rtoc-item\"><a href=\"#rtoc-2\">Formaci\u00f3n con nosotros en consulta<\/a><\/li><li class=\"rtoc-item\"><a href=\"#rtoc-3\">\u00bfEn qu\u00e9 consiste?<\/a><\/li><\/ol><\/div><h2 id=\"rtoc-1\"  class=\"ekit-heading--title elementskit-section-title \">Formaci\u00f3n<\/h2>\t\t\t\t<div class='ekit-heading__description'>\n\t\t\t\t\t<p>Tanto si eres residente o graduado en medicina, puedes pasar un d\u00eda con la Dra Marta Garc\u00eda-Legaz.<\/p>\n\t\t\t\t<\/div>\n\t\t\t<\/div><\/div>\t\t\t\t<\/div>\n\t\t\t\t<\/div>\n\t\t\t\t<div class=\"elementor-element elementor-element-75d91040 elementor-align-left elementor-widget elementor-widget-elementskit-button\" data-id=\"75d91040\" data-element_type=\"widget\" data-e-type=\"widget\" data-widget_type=\"elementskit-button.default\">\n\t\t\t\t<div class=\"elementor-widget-container\">\n\t\t\t\t\t<div class=\"ekit-wid-con\" >\t\t<div class=\"ekit-btn-wraper\">\n\t\t\t\t\t\t\t<a href=\"#\" class=\"elementskit-btn  whitespace--normal\" id=\"\">\n\t\t\t\t\tContactar\t\t\t\t<\/a>\n\t\t\t\t\t<\/div>\n        <\/div>\t\t\t\t<\/div>\n\t\t\t\t<\/div>\n\t\t\t\t\t<\/div>\n\t\t\t\t<\/div>\n\t\t<div class=\"elementor-element elementor-element-17d87de9 e-flex e-con-boxed e-con e-parent\" data-id=\"17d87de9\" data-element_type=\"container\" data-e-type=\"container\">\n\t\t\t\t\t<div class=\"e-con-inner\">\n\t\t<div class=\"elementor-element elementor-element-59eb2da9 e-con-full e-flex e-con e-child\" data-id=\"59eb2da9\" data-element_type=\"container\" data-e-type=\"container\" data-settings=\"{&quot;background_background&quot;:&quot;classic&quot;}\">\n\t\t\t\t<div class=\"elementor-element elementor-element-62b025e6 elementor-widget__width-inherit elementor-widget elementor-widget-elementskit-heading\" data-id=\"62b025e6\" data-element_type=\"widget\" data-e-type=\"widget\" data-widget_type=\"elementskit-heading.default\">\n\t\t\t\t<div class=\"elementor-widget-container\">\n\t\t\t\t\t<div class=\"ekit-wid-con\" ><div class=\"ekit-heading elementskit-section-title-wraper text_center   ekit_heading_tablet-   ekit_heading_mobile-\"><h2 id=\"rtoc-2\"  class=\"ekit-heading--title elementskit-section-title \">Formaci\u00f3n con nosotros en consulta<\/h2>\t\t\t\t<div class='ekit-heading__description'>\n\t\t\t\t\t<p>Puedes visitarnos d\u00edas sueltos o por semanas.<\/p>\n\t\t\t\t<\/div>\n\t\t\t<\/div><\/div>\t\t\t\t<\/div>\n\t\t\t\t<\/div>\n\t\t\t\t<\/div>\n\t\t\t\t\t<\/div>\n\t\t\t\t<\/div>\n\t\t<div class=\"elementor-element elementor-element-5be196fd e-flex e-con-boxed e-con e-parent\" data-id=\"5be196fd\" data-element_type=\"container\" data-e-type=\"container\">\n\t\t\t\t\t<div class=\"e-con-inner\">\n\t\t<div class=\"elementor-element elementor-element-6d24b29f e-con-full e-flex e-con e-child\" data-id=\"6d24b29f\" data-element_type=\"container\" data-e-type=\"container\">\n\t\t\t\t<div class=\"elementor-element elementor-element-4004bc83 elementor-widget elementor-widget-elementskit-heading\" data-id=\"4004bc83\" data-element_type=\"widget\" data-e-type=\"widget\" data-widget_type=\"elementskit-heading.default\">\n\t\t\t\t<div class=\"elementor-widget-container\">\n\t\t\t\t\t<div class=\"ekit-wid-con\" ><div class=\"ekit-heading elementskit-section-title-wraper text_left   ekit_heading_tablet-   ekit_heading_mobile-\"><h2 id=\"rtoc-3\"  class=\"ekit-heading--title elementskit-section-title \">\u00bfEn qu\u00e9 consiste?<\/h2>\t\t\t\t<div class='ekit-heading__description'>\n\t\t\t\t\t<p class=\"p1\">Trabajaremos juntos en la consulta para que puedas observar de forma directa c\u00f3mo aplicamos la teor\u00eda en la pr\u00e1ctica y c\u00f3mo abordamos los diferentes casos reales de nuestros pacientes. De esta manera, podr\u00e1s comprender en profundidad el enfoque cl\u00ednico y las estrategias que utilizamos en cada sesi\u00f3n.<\/p>\n<p class=\"p1\">Adem\u00e1s, te facilitaremos material escrito con los recursos m\u00e1s valiosos y las herramientas que empleamos habitualmente en consulta, para que dispongas de una gu\u00eda pr\u00e1ctica y actualizada que te acompa\u00f1e en tu aprendizaje y en tu futura pr\u00e1ctica profesional.<\/p>\n\t\t\t\t<\/div>\n\t\t\t<\/div><\/div>\t\t\t\t<\/div>\n\t\t\t\t<\/div>\n\t\t\t\t<\/div>\n\t\t<div class=\"elementor-element elementor-element-1fd3618 e-con-full e-flex e-con e-child\" data-id=\"1fd3618\" data-element_type=\"container\" data-e-type=\"container\">\n\t\t\t\t<div class=\"elementor-element elementor-element-37f260fc elementor-widget elementor-widget-image\" data-id=\"37f260fc\" data-element_type=\"widget\" data-e-type=\"widget\" data-widget_type=\"image.default\">\n\t\t\t\t<div class=\"elementor-widget-container\">\n\t\t\t\t\t\t\t\t\t\t\t\t\t\t\t<img fetchpriority=\"high\" decoding=\"async\" width=\"1170\" height=\"1497\" src=\"https:\/\/garcialegaz.com\/wp-content\/uploads\/2025\/05\/dermatoscopia-digital.webp\" class=\" attachment-full size-full wp-image-3117\" alt=\"\" srcset=\"https:\/\/garcialegaz.com\/wp-content\/uploads\/2025\/05\/dermatoscopia-digital.webp 1170w, https:\/\/garcialegaz.com\/wp-content\/uploads\/2025\/05\/dermatoscopia-digital-234x300.webp 234w, https:\/\/garcialegaz.com\/wp-content\/uploads\/2025\/05\/dermatoscopia-digital-800x1024.webp 800w, https:\/\/garcialegaz.com\/wp-content\/uploads\/2025\/05\/dermatoscopia-digital-768x983.webp 768w\" sizes=\"(max-width: 1170px) 100vw, 1170px\" \/>\t\t\t\t\t\t\t\t\t\t\t\t\t\t\t<\/div>\n\t\t\t\t<\/div>\n\t\t\t\t<\/div>\n\t\t\t\t\t<\/div>\n\t\t\t\t<\/div>\n\t\t<div class=\"elementor-element elementor-element-36091510 e-con-full e-flex e-con e-parent\" data-id=\"36091510\" data-element_type=\"container\" data-e-type=\"container\" data-settings=\"{&quot;background_background&quot;:&quot;gradient&quot;}\">\n\t\t<div class=\"elementor-element elementor-element-12c392c9 e-flex e-con-boxed e-con e-child\" data-id=\"12c392c9\" data-element_type=\"container\" data-e-type=\"container\">\n\t\t\t\t\t<div class=\"e-con-inner\">\n\t\t\t\t<div class=\"elementor-element elementor-element-13639d2f elementor-widget elementor-widget-icon-box\" data-id=\"13639d2f\" data-element_type=\"widget\" data-e-type=\"widget\" data-widget_type=\"icon-box.default\">\n\t\t\t\t<div class=\"elementor-widget-container\">\n\t\t\t\t\t\t\t<div class=\"elementor-icon-box-wrapper\">\n\n\t\t\t\n\t\t\t\t\t\t<div class=\"elementor-icon-box-content\">\n\n\t\t\t\t\t\t\t\t\t<h2 id=\"rtoc-4\"  class=\"elementor-icon-box-title\">\n\t\t\t\t\t\t<span  >\n\t\t\t\t\t\t\tReseva de plaza\t\t\t\t\t\t<\/span>\n\t\t\t\t\t<\/h2>\n\t\t\t\t\n\t\t\t\t\t\t\t\t\t<p class=\"elementor-icon-box-description\">\n\t\t\t\t\t\tRellena el formulario para reservar tu plaza\n<br><br>\nCoste: 250\u20ac d\u00eda concreto o 1000\u20ac por semana\t\t\t\t\t<\/p>\n\t\t\t\t\n\t\t\t<\/div>\n\t\t\t\n\t\t<\/div>\n\t\t\t\t\t\t<\/div>\n\t\t\t\t<\/div>\n\t\t\t\t<div class=\"elementor-element elementor-element-4fdfd6bf elementor-button-align-end elementor-mobile-button-align-center elementor-widget elementor-widget-form\" data-id=\"4fdfd6bf\" data-element_type=\"widget\" data-e-type=\"widget\" data-settings=\"{&quot;step_next_label&quot;:&quot;Siguiente&quot;,&quot;step_previous_label&quot;:&quot;Anterior&quot;,&quot;button_width&quot;:&quot;100&quot;,&quot;step_type&quot;:&quot;number_text&quot;,&quot;step_icon_shape&quot;:&quot;circle&quot;}\" data-widget_type=\"form.default\">\n\t\t\t\t<div class=\"elementor-widget-container\">\n\t\t\t\t\t\t\t<form class=\"elementor-form\" method=\"post\" name=\"New Form\" aria-label=\"New Form\">\n\t\t\t<input type=\"hidden\" name=\"post_id\" value=\"4046\"\/>\n\t\t\t<input type=\"hidden\" name=\"form_id\" value=\"4fdfd6bf\"\/>\n\t\t\t<input type=\"hidden\" name=\"referer_title\" value=\"\" \/>\n\n\t\t\t\n\t\t\t<div class=\"elementor-form-fields-wrapper elementor-labels-\">\n\t\t\t\t\t\t\t\t<div class=\"elementor-field-type-text elementor-field-group elementor-column elementor-field-group-name elementor-col-50\">\n\t\t\t\t\t\t\t\t\t\t\t\t<label for=\"form-field-name\" class=\"elementor-field-label elementor-screen-only\">\n\t\t\t\t\t\t\t\tNombre\t\t\t\t\t\t\t<\/label>\n\t\t\t\t\t\t\t\t\t\t\t\t\t\t<input size=\"1\" type=\"text\" name=\"form_fields[name]\" id=\"form-field-name\" class=\"elementor-field elementor-size-sm  elementor-field-textual\" placeholder=\"Nombre*\">\n\t\t\t\t\t\t\t\t\t\t\t<\/div>\n\t\t\t\t\t\t\t\t<div class=\"elementor-field-type-text elementor-field-group elementor-column elementor-field-group-field_5e63ec7 elementor-col-50\">\n\t\t\t\t\t\t\t\t\t\t\t\t<label for=\"form-field-field_5e63ec7\" class=\"elementor-field-label elementor-screen-only\">\n\t\t\t\t\t\t\t\tApellidos\t\t\t\t\t\t\t<\/label>\n\t\t\t\t\t\t\t\t\t\t\t\t\t\t<input size=\"1\" type=\"text\" name=\"form_fields[field_5e63ec7]\" id=\"form-field-field_5e63ec7\" class=\"elementor-field elementor-size-sm  elementor-field-textual\" placeholder=\"Apellidos*\">\n\t\t\t\t\t\t\t\t\t\t\t<\/div>\n\t\t\t\t\t\t\t\t<div class=\"elementor-field-type-tel elementor-field-group elementor-column elementor-field-group-field_f5f1e1b elementor-col-50\">\n\t\t\t\t\t\t\t\t\t\t\t\t<label for=\"form-field-field_f5f1e1b\" class=\"elementor-field-label elementor-screen-only\">\n\t\t\t\t\t\t\t\tN\u00ba de tel\u00e9fono\t\t\t\t\t\t\t<\/label>\n\t\t\t\t\t\t\t\t<input size=\"1\" type=\"tel\" name=\"form_fields[field_f5f1e1b]\" id=\"form-field-field_f5f1e1b\" class=\"elementor-field elementor-size-sm  elementor-field-textual\" placeholder=\"N\u00ba de tel\u00e9fono*\" pattern=\"[0-9()#&amp;+*-=.]+\" title=\"Only numbers and phone characters (#, -, *, etc) are accepted.\">\n\n\t\t\t\t\t\t<\/div>\n\t\t\t\t\t\t\t\t<div class=\"elementor-field-type-email elementor-field-group elementor-column elementor-field-group-email elementor-col-50 elementor-field-required\">\n\t\t\t\t\t\t\t\t\t\t\t\t<label for=\"form-field-email\" class=\"elementor-field-label elementor-screen-only\">\n\t\t\t\t\t\t\t\tEmail*\t\t\t\t\t\t\t<\/label>\n\t\t\t\t\t\t\t\t\t\t\t\t\t\t<input size=\"1\" type=\"email\" name=\"form_fields[email]\" id=\"form-field-email\" class=\"elementor-field elementor-size-sm  elementor-field-textual\" placeholder=\"Email*\" required=\"required\">\n\t\t\t\t\t\t\t\t\t\t\t<\/div>\n\t\t\t\t\t\t\t\t<div class=\"elementor-field-type-textarea elementor-field-group elementor-column elementor-field-group-message elementor-col-100\">\n\t\t\t\t\t\t\t\t\t\t\t\t<label for=\"form-field-message\" class=\"elementor-field-label elementor-screen-only\">\n\t\t\t\t\t\t\t\tMensaje\t\t\t\t\t\t\t<\/label>\n\t\t\t\t\t\t<textarea class=\"elementor-field-textual elementor-field  elementor-size-sm\" name=\"form_fields[message]\" id=\"form-field-message\" rows=\"4\" placeholder=\"Cu\u00e9ntanos algo sobre ti\"><\/textarea>\t\t\t\t<\/div>\n\t\t\t\t\t\t\t\t<div class=\"elementor-field-group elementor-column elementor-field-type-submit elementor-col-100 e-form__buttons\">\n\t\t\t\t\t<button class=\"elementor-button elementor-size-md elementor-animation-grow\" type=\"submit\">\n\t\t\t\t\t\t<span class=\"elementor-button-content-wrapper\">\n\t\t\t\t\t\t\t\t\t\t\t\t\t\t\t\t\t\t\t\t\t\t<span class=\"elementor-button-text\">Enviar<\/span>\n\t\t\t\t\t\t\t\t\t\t\t\t\t<\/span>\n\t\t\t\t\t<\/button>\n\t\t\t\t<\/div>\n\t\t\t<\/div>\n\t\t<\/form>\n\t\t\t\t\t\t<\/div>\n\t\t\t\t<\/div>\n\t\t\t\t\t<\/div>\n\t\t\t\t<\/div>\n\t\t\t\t<\/div>\n\t\t\t\t<\/div>\n\t\t","protected":false},"excerpt":{"rendered":"<p>Formate en nuestra cl\u00ednica TABLA DE CONTENIDO Formaci\u00f3n Formaci\u00f3n con nosotros en consulta \u00bfEn qu\u00e9 consiste? Formaci\u00f3n Tanto si eres residente o graduado en medicina, puedes pasar un d\u00eda con la Dra Marta Garc\u00eda-Legaz. Contactar Formaci\u00f3n con nosotros en consulta Puedes visitarnos d\u00edas sueltos o por semanas. \u00bfEn qu\u00e9 consiste? Trabajaremos juntos en la consulta [&hellip;]<\/p>\n","protected":false},"author":2,"featured_media":0,"parent":0,"menu_order":0,"comment_status":"closed","ping_status":"closed","template":"","meta":{"footnotes":""},"class_list":["post-4046","page","type-page","status-publish","hentry"],"lang":"en","translations":{"en":4046,"es":3963},"_links":{"self":[{"href":"https:\/\/garcialegaz.com\/en\/wp-json\/wp\/v2\/pages\/4046","targetHints":{"allow":["GET"]}}],"collection":[{"href":"https:\/\/garcialegaz.com\/en\/wp-json\/wp\/v2\/pages"}],"about":[{"href":"https:\/\/garcialegaz.com\/en\/wp-json\/wp\/v2\/types\/page"}],"author":[{"embeddable":true,"href":"https:\/\/garcialegaz.com\/en\/wp-json\/wp\/v2\/users\/2"}],"replies":[{"embeddable":true,"href":"https:\/\/garcialegaz.com\/en\/wp-json\/wp\/v2\/comments?post=4046"}],"version-history":[{"count":1,"href":"https:\/\/garcialegaz.com\/en\/wp-json\/wp\/v2\/pages\/4046\/revisions"}],"predecessor-version":[{"id":11337,"href":"https:\/\/garcialegaz.com\/en\/wp-json\/wp\/v2\/pages\/4046\/revisions\/11337"}],"wp:attachment":[{"href":"https:\/\/garcialegaz.com\/en\/wp-json\/wp\/v2\/media?parent=4046"}],"curies":[{"name":"wp","href":"https:\/\/api.w.org\/{rel}","templated":true}]}}